{"id":120,"date":"2024-07-02T19:48:17","date_gmt":"2024-07-02T19:48:17","guid":{"rendered":"http:\/\/rheumatologie-am-hochkreuz.de\/20-2\/?page_id=120"},"modified":"2025-05-09T20:55:53","modified_gmt":"2025-05-09T20:55:53","slug":"datenschutzerklaerung","status":"publish","type":"page","link":"https:\/\/rheumatologie-am-hochkreuz.de\/en\/datenschutzerklaerung\/","title":{"rendered":"Privacy policy"},"content":{"rendered":"<div data-elementor-type=\"wp-page\" data-elementor-id=\"120\" class=\"elementor elementor-120\" data-elementor-post-type=\"page\">\n\t\t\t\t<div class=\"elementor-element elementor-element-d6e9145 e-flex e-con-boxed wpr-particle-no wpr-jarallax-no wpr-parallax-no wpr-sticky-section-no wpr-equal-height-no e-con e-parent\" data-id=\"d6e9145\" data-element_type=\"container\" data-e-type=\"container\">\n\t\t\t\t\t<div class=\"e-con-inner\">\n\t\t\t\t<div class=\"elementor-element elementor-element-e0cf6da elementor-widget elementor-widget-heading\" data-id=\"e0cf6da\" data-element_type=\"widget\" data-e-type=\"widget\" data-widget_type=\"heading.default\">\n\t\t\t\t<div class=\"elementor-widget-container\">\n\t\t\t\t\t<h2 class=\"elementor-heading-title elementor-size-default\">Privacy policy<\/h2>\t\t\t\t<\/div>\n\t\t\t\t<\/div>\n\t\t\t\t\t<\/div>\n\t\t\t\t<\/div>\n\t\t<div class=\"elementor-element elementor-element-773bc19 e-flex e-con-boxed wpr-particle-no wpr-jarallax-no wpr-parallax-no wpr-sticky-section-no wpr-equal-height-no e-con e-parent\" data-id=\"773bc19\" data-element_type=\"container\" data-e-type=\"container\">\n\t\t\t\t\t<div class=\"e-con-inner\">\n\t\t\t\t<div class=\"elementor-element elementor-element-634a0e3 elementor-widget elementor-widget-text-editor\" data-id=\"634a0e3\" data-element_type=\"widget\" data-e-type=\"widget\" data-widget_type=\"text-editor.default\">\n\t\t\t\t<div class=\"elementor-widget-container\">\n\t\t\t\t\t\t\t\t\t<div id=\"contentNormalContainer\"><div id=\"contentNormal\"><h5>1) Introduction and contact details of controller<\/h5><p><b>1.1<\/b>\u00a0We are pleased that you are visiting our website and thank you for your interest. In the following, we will inform you about how we handle your personal data when you use our website. Personal data is all data with which you can be personally identified.<\/p><p><b>1.2<\/b> The controller in charge of data processing on this website, within the meaning of the General Data Protection Regulation (GDPR), is Praxis Dres. Elshoff\/Schlegel GbR, Godesberger Allee 90, 53175 Bonn, Deutschland, Tel.: (02 28) 33 20 16, Fax: (02 28) 33 28 78, E-Mail: info@rheumatologie-endokrinologie.de. The controller of personal data is the natural or legal person who alone or jointly with others determines the purposes and means of the processing of personal data.<br \/><br \/><\/p><div class=\"Container\"><div class=\"Wrapper\"><div><div><div class=\"itrk-bg-lightgray\"><div><div><h5>2) Data collection when visiting our website<\/h5><p><b>2.1<\/b>\u00a0If you use our website for informational purposes only, i.e. if you do not register or otherwise provide us with information, we only collect the data that your browser transmits to the site server (so-called \u2018server log files\u2019). When you visit our website, we collect the following data, which is technically necessary for us to display the website to you:<\/p><ul><li>Our visited website<\/li><li>Date and time at the time of access<\/li><li>Amount of data sent in bytes<\/li><li>Source\/reference from which you reached the page<\/li><li>Browser used<\/li><li>Operating system used<\/li><li>IP address used (if applicable: in anonymised form)<\/li><\/ul><p>Processing is carried out in accordance with Art. 6 para. 1 lit. f GDPR on the basis of our legitimate interest in improving the stability and functionality of our website. The data is not passed on or used in any other way. However, we reserve the right to subsequently check the server log files if there are concrete indications of unlawful use.<\/p><p><b>2.2<\/b>\u00a0This website uses SSL or TLS encryption for security reasons and to protect the transmission of personal data and other confidential content (e.g. orders or enquiries to the controller). You can recognise an encrypted connection by the character string \u2018https:\/\/\u2019 and the lock symbol in your browser line.<br \/><br \/><\/p><h5>3) Hosting &amp; Content-Delivery-Network<\/h5><p>For the hosting of our website and the presentation of the page content, we use a provider that provides its services itself or through selected subcontractors exclusively on servers within the European Union.<\/p><p>All data collected on our website is processed on these servers.<\/p><p>We have concluded an order processing contract with the provider, which ensures the protection of the data of our website visitors and prohibits unauthorised disclosure to third parties.<\/p><h2>\u00a0<\/h2><h5>4) Cookies<\/h5><p>In order to make visiting our website attractive and to enable the use of certain functions, we use cookies, i.e. small text files that are stored on your end device. Some of these cookies are automatically deleted after you close your browser (so-called \u2018session cookies\u2019), while others remain on your device for longer and enable page settings to be saved (so-called \u2018persistent cookies\u2019). In the latter case, you can find the storage period in the cookie settings overview of your web browser.<\/p><p>If personal data is also processed by individual cookies used by us, the processing is carried out in accordance with Art. 6 para. 1 lit. b GDPR either for the execution of the contract, in accordance with Art. 6 para. 1 lit. a GDPR in the case of consent given or in accordance with Art. 6 para. 1 lit. f GDPR to safeguard our legitimate interests in the best possible functionality of the website and a customer-friendly and effective design of the page visit.<\/p><p>You can set your browser so that you are informed about the setting of cookies and can decide individually whether to accept them or to exclude the acceptance of cookies for certain cases or in general.<\/p><p>Please note that if you do not accept cookies, the functionality of our website may be restricted.<\/p><h2>\u00a0<\/h2><h5>5) Contact<\/h5><p>Personal data is collected when you contact us (e.g. via contact form or email). Which data is collected when a contact form is used can be seen from the respective contact form. This data is stored and used exclusively for the purpose of responding to your enquiry or for contacting you and the associated technical administration.<\/p><p>The legal basis for the processing of this data is our legitimate interest in responding to your request in accordance with Art. 6 para. 1 lit. f GDPR. If your contact is aimed at concluding a contract, the additional legal basis for the processing is Art. 6 para. 1 lit. b GDPR. Your data will be deleted after final processing of your enquiry. This is the case if it can be inferred from the circumstances that the matter in question has been conclusively clarified and provided that there are no statutory retention obligations to the contrary.<\/p><h2>\u00a0<\/h2><h5>6) Site functionalities<\/h5><p><b>6.1<\/b>\u00a0Google Web Fonts<\/p><p>This site uses so-called web fonts from the following provider for the standardised display of fonts: Google Ireland Limited, Gordon House, 4 Barrow St, Dublin, D04 E5W5, Ireland<\/p><p>When you call up a page, your browser loads the required web fonts into your browser cache in order to display texts and fonts correctly and establishes a direct connection to the provider's servers. In the process, certain browser information, including your IP address, is transmitted to the provider.<\/p><p>Data may also be transmitted to: Google LLC, USA<\/p><p>The processing of personal data in the course of establishing a connection with the font provider is only carried out if you have given us your express consent to do so in accordance with Art. 6 para. 1 lit. a GDPR. You can revoke your consent at any time with effect for the future by deactivating this service via the \u2018cookie consent tool\u2019 provided on the website. If your browser does not support web fonts, a standard font will be used by your computer.<\/p><p>For data transfers to the USA, the provider has signed up to the EU-US Data Privacy Framework, which ensures compliance with the European level of data protection on the basis of an adequacy decision by the European Commission.<\/p><p>Further information on Google's privacy policy can be found here: <a href=\"https:\/\/business.safety.google\/intl\/de\/privacy\/\" target=\"_blank\" rel=\"noopener\">https:\/\/business.safety.google<wbr \/>\/intl<wbr \/>\/de<wbr \/>\/privacy<wbr \/>\/<\/a><\/p><p><b>6.2<\/b>\u00a0Google reCAPTCHA<\/p><p>On this website we use the CAPTCHA service of the following provider: Google Ireland Limited, Gordon House, 4 Barrow St, Dublin, D04 E5W5, Ireland<\/p><p>Data may also be transmitted to: Google LLC, USA. The provider uses \u2018Google Fonts\u2019, i.e. fonts downloaded from the Internet by Google, for the visual design of the Captcha window. No information other than that already transmitted to Google via the ReCaptcha functionality will be processed.<\/p><p>The service checks whether an entry is made by a natural person or abusively by machine and automated processing, and blocks spam, DDoS attacks and similar automated malicious access. In order to ensure that an action is carried out by a person and not by an automated bot, the provider collects the IP address of the end device used, identification data of the browser and operating system type used as well as the date and duration of the visit and transmits these to the provider's servers for evaluation.<\/p><p>The legal basis is our legitimate interest in determining individual responsibility on the Internet and the prevention of misuse and spam in accordance with Art. 6 para. 1 lit. f GDPR.<\/p><p>We have concluded an order processing contract with the provider, which ensures the protection of the data of our website visitors and prohibits unauthorised disclosure to third parties.<\/p><p>For data transfers to the USA, the provider has signed up to the EU-US Data Privacy Framework, which ensures compliance with the European level of data protection on the basis of an adequacy decision by the European Commission.<\/p><p>Further information on Google's privacy policy can be found here: <a href=\"https:\/\/business.safety.google\/intl\/de\/privacy\/\" target=\"_blank\" rel=\"noopener\">https:\/\/business.safety.google<wbr \/>\/intl<wbr \/>\/de<wbr \/>\/privacy<wbr \/>\/<\/a><\/p><h5><br \/>7) Rights of the data subject<\/h5><p><b>7.1<\/b>\u00a0The applicable data protection law grants you the following data subject rights (rights of access and intervention) vis-\u00e0-vis the controller with regard to the processing of your personal data, whereby reference is made to the stated legal basis for the respective exercise requirements:<\/p><ul><li>Right to information pursuant to Art. 15 GDPR;<\/li><li>Right to rectification pursuant to Art. 16 GDPR;<\/li><li>Right to erasure pursuant to Art. 17 GDPR;<\/li><li>Right to restriction of processing pursuant to Art. 18 GDPR;<\/li><li>Right to information in accordance with Art. 19 GDPR;<\/li><li>Right to data portability pursuant to Art. 20 GDPR;<\/li><li>Right to withdraw consent granted pursuant to Art. 7 (3) GDPR;<\/li><li>Right to lodge a complaint pursuant to Art. 77 GDPR.<\/li><\/ul><p><b><br \/>7.2<\/b>\u00a0RIGHT OF OBJECTION<\/p><p>IF WE PROCESS YOUR PERSONAL DATA AS PART OF A BALANCING OF INTERESTS ON THE BASIS OF OUR OVERRIDING LEGITIMATE INTEREST, YOU HAVE THE RIGHT TO OBJECT TO THIS PROCESSING AT ANY TIME WITH EFFECT FOR THE FUTURE ON GROUNDS RELATING TO YOUR PARTICULAR SITUATION.<\/p><p>IF YOU EXERCISE YOUR RIGHT TO OBJECT, WE WILL STOP PROCESSING THE DATA CONCERNED. HOWEVER, WE RESERVE THE RIGHT TO CONTINUE PROCESSING IF WE CAN DEMONSTRATE COMPELLING LEGITIMATE GROUNDS FOR THE PROCESSING WHICH OVERRIDE YOUR INTERESTS, FUNDAMENTAL RIGHTS AND FREEDOMS, OR IF THE PROCESSING SERVES THE ESTABLISHMENT, EXERCISE OR DEFENCE OF LEGAL CLAIMS.<\/p><p>IF YOUR PERSONAL DATA IS PROCESSED BY US FOR THE PURPOSE OF DIRECT MARKETING, YOU HAVE THE RIGHT TO OBJECT AT ANY TIME TO THE PROCESSING OF PERSONAL DATA CONCERNING YOU FOR THE PURPOSE OF SUCH MARKETING. YOU CAN EXERCISE YOUR OBJECTION AS DESCRIBED ABOVE.<\/p><p>IF YOU EXERCISE YOUR RIGHT TO OBJECT, WE WILL STOP PROCESSING THE DATA CONCERNED FOR DIRECT MARKETING PURPOSES.<\/p><h5><br \/>8) Duration of storage of personal data<\/h5><p>The duration of the storage of personal data is determined by the respective legal basis, the purpose of processing and - if relevant - additionally by the respective statutory retention period (e.g. retention periods under commercial and tax law).<\/p><p>When processing personal data on the basis of express consent in accordance with Art. 6 para. 1 lit. a GDPR, the data concerned will be stored until you withdraw your consent.<\/p><p>If there are statutory retention periods for data that is processed within the framework of legal or similar obligations on the basis of Art. 6 para. 1 lit. b GDPR, this data will be routinely deleted after the retention periods have expired, provided that it is no longer required for contract fulfilment or contract initiation and\/or we no longer have a legitimate interest in further storage.<\/p><p>When processing personal data on the basis of Art. 6 para. 1 lit. f GDPR, this data will be stored until you exercise your right to object in accordance with Art. 21 para. 1 GDPR, unless we can demonstrate compelling legitimate grounds for the processing which override your interests, rights and freedoms, or the processing serves the establishment, exercise or defence of legal claims.<\/p><p>When processing personal data for the purpose of direct marketing on the basis of Art. 6 para. 1 lit. f GDPR, this data is stored until you exercise your right to object in accordance with Art. 21 para. 2 GDPR.<\/p><p>Unless otherwise stated in the other information in this declaration on specific processing situations, stored personal data is deleted when it is no longer necessary for the purposes for which it was collected or otherwise processed.<\/p><\/div><\/div><\/div><\/div><\/div><div class=\"clearfix\">\u00a0<\/div><div>\u00a0<\/div><\/div><\/div><div class=\"Container\">\u00a0<\/div><div class=\"Container itrk-bg-blue\"><div id=\"MinFooter\" class=\"Wrapper left-align\">\u00a9 2004-2024 \u00b7 IT-Recht Kanzlei<\/div><\/div><\/div><\/div>\t\t\t\t\t\t\t\t<\/div>\n\t\t\t\t<\/div>\n\t\t\t\t\t<\/div>\n\t\t\t\t<\/div>\n\t\t\t\t<\/div>","protected":false},"excerpt":{"rendered":"<p>Datenschutzerkl\u00e4rung 1) Einleitung und Kontaktdaten des Verantwortlichen 1.1\u00a0Wir freuen uns, dass Sie unsere Website besuchen und bedanken uns f\u00fcr Ihr Interesse. Im Folgenden informieren wir Sie \u00fcber den Umgang mit Ihren personenbezogenen Daten bei der Nutzung unserer Website. Personenbezogene Daten sind hierbei alle Daten, mit denen Sie pers\u00f6nlich identifiziert werden k\u00f6nnen. 1.2 Verantwortlicher f\u00fcr die Datenverarbeitung auf dieser Website im Sinne der Datenschutz-Grundverordnung (DSGVO) ist Praxis Dres. Elshoff\/Schlegel GbR, Godesberger Allee 90, 53175 Bonn, Deutschland, Tel.: (02 28) 33 20 16, Fax: (02 28) 33 28 78, E-Mail: info@rheumatologie-endokrinologie.de. Der f\u00fcr die Verarbeitung von personenbezogenen Daten Verantwortliche ist diejenige nat\u00fcrliche oder juristische Person, die allein oder gemeinsam mit anderen \u00fcber die Zwecke und Mittel der Verarbeitung von personenbezogenen Daten entscheidet. 2) Datenerfassung beim Besuch unserer Website 2.1\u00a0Bei der blo\u00df informatorischen Nutzung unserer Website, also wenn Sie sich nicht registrieren oder uns anderweitig Informationen \u00fcbermitteln, erheben wir nur solche Daten, die Ihr Browser an den Seitenserver \u00fcbermittelt (sog. \u201eServer-Logfiles\u201c). Wenn Sie unsere Website aufrufen, erheben wir die folgenden Daten, die f\u00fcr uns technisch erforderlich sind, um Ihnen die Website anzuzeigen: Unsere besuchte Website Datum und Uhrzeit zum Zeitpunkt des Zugriffes Menge der gesendeten Daten in Byte Quelle\/Verweis, von welchem Sie auf die Seite gelangten Verwendeter Browser Verwendetes Betriebssystem Verwendete IP-Adresse (ggf.: in anonymisierter Form) Die Verarbeitung erfolgt gem\u00e4\u00df Art. 6 Abs. 1 lit. f DSGVO auf Basis unseres berechtigten Interesses an der Verbesserung der Stabilit\u00e4t und Funktionalit\u00e4t unserer Website. Eine Weitergabe oder anderweitige Verwendung der Daten findet nicht statt. Wir behalten uns allerdings vor, die Server-Logfiles nachtr\u00e4glich zu \u00fcberpr\u00fcfen, sollten konkrete Anhaltspunkte auf eine rechtswidrige Nutzung hinweisen. 2.2\u00a0Diese Website nutzt aus Sicherheitsgr\u00fcnden und zum Schutz der \u00dcbertragung personenbezogener Daten und anderer vertraulicher Inhalte (z.B. Bestellungen oder Anfragen an den Verantwortlichen) eine SSL-bzw. TLS-Verschl\u00fcsselung. Sie k\u00f6nnen eine verschl\u00fcsselte Verbindung an der Zeichenfolge \u201ehttps:\/\/\u201c und dem Schloss-Symbol in Ihrer Browserzeile erkennen. 3) Hosting &amp; Content-Delivery-Network F\u00fcr das Hosting unserer Website und die Darstellung der Seiteninhalte nutzen wir einen Anbieter, der seine Leistungen selbst oder durch ausgew\u00e4hlte Sub-Unternehmer ausschlie\u00dflich auf Servern innerhalb der Europ\u00e4ischen Union erbringt. S\u00e4mtliche auf unserer Website erhobenen Daten werden auf diesen Servern verarbeitet. Wir haben mit dem Anbieter einen Auftragsverarbeitungsvertrag geschlossen, der den Schutz der Daten unserer Seitenbesucher sicherstellt und eine unberechtigte Weitergabe an Dritte untersagt. \u00a0 4) Cookies Um den Besuch unserer Website attraktiv zu gestalten und die Nutzung bestimmter Funktionen zu erm\u00f6glichen, verwenden wir Cookies, also kleine Textdateien, die auf Ihrem Endger\u00e4t abgelegt werden. Teilweise werden diese Cookies nach Schlie\u00dfen des Browsers automatisch wieder gel\u00f6scht (sog. \u201eSession-Cookies\u201c), teilweise verbleiben diese Cookies l\u00e4nger auf Ihrem Endger\u00e4t und erm\u00f6glichen das Speichern von Seiteneinstellungen (sog. \u201epersistente Cookies\u201c). Im letzteren Fall k\u00f6nnen Sie die Speicherdauer der \u00dcbersicht zu den Cookie-Einstellungen Ihres Webbrowsers entnehmen. Sofern durch einzelne von uns eingesetzte Cookies auch personenbezogene Daten verarbeitet werden, erfolgt die Verarbeitung gem\u00e4\u00df Art. 6 Abs. 1 lit. b DSGVO entweder zur Durchf\u00fchrung des Vertrages, gem\u00e4\u00df Art. 6 Abs. 1 lit. a DSGVO im Falle einer erteilten Einwilligung oder gem\u00e4\u00df Art. 6 Abs. 1 lit. f DSGVO zur Wahrung unserer berechtigten Interessen an der bestm\u00f6glichen Funktionalit\u00e4t der Website sowie einer kundenfreundlichen und effektiven Ausgestaltung des Seitenbesuchs. Sie k\u00f6nnen Ihren Browser so einstellen, dass Sie \u00fcber das Setzen von Cookies informiert werden und einzeln \u00fcber deren Annahme entscheiden oder die Annahme von Cookies f\u00fcr bestimmte F\u00e4lle oder generell ausschlie\u00dfen k\u00f6nnen. Bitte beachten Sie, dass bei Nichtannahme von Cookies die Funktionalit\u00e4t unserer Website eingeschr\u00e4nkt sein kann. \u00a0 5) Kontaktaufnahme Im Rahmen der Kontaktaufnahme mit uns (z.B. per Kontaktformular oder E-Mail) werden personenbezogene Daten erhoben. Welche Daten im Falle der Nutzung eines Kontaktformulars erhoben werden, ist aus dem jeweiligen Kontaktformular ersichtlich. Diese Daten werden ausschlie\u00dflich zum Zweck der Beantwortung Ihres Anliegens bzw. f\u00fcr die Kontaktaufnahme und die damit verbundene technische Administration gespeichert und verwendet. Rechtsgrundlage f\u00fcr die Verarbeitung dieser Daten ist unser berechtigtes Interesse an der Beantwortung Ihres Anliegens gem\u00e4\u00df Art. 6 Abs. 1 lit. f DSGVO. Zielt Ihre Kontaktierung auf den Abschluss eines Vertrages ab, so ist zus\u00e4tzliche Rechtsgrundlage f\u00fcr die Verarbeitung Art. 6 Abs. 1 lit. b DSGVO. Ihre Daten werden nach abschlie\u00dfender Bearbeitung Ihrer Anfrage gel\u00f6scht. Dies ist der Fall, wenn sich aus den Umst\u00e4nden entnehmen l\u00e4sst, dass der betroffene Sachverhalt abschlie\u00dfend gekl\u00e4rt ist und sofern keine gesetzlichen Aufbewahrungspflichten entgegenstehen. \u00a0 6) Seitenfunktionalit\u00e4ten 6.1\u00a0Google Web Fonts Diese Seite nutzt zur einheitlichen Darstellung von Schriftarten sogenannte Web Fonts des folgenden Anbieters: Google Ireland Limited, Gordon House, 4 Barrow St, Dublin, D04 E5W5, Irland Beim Aufruf einer Seite l\u00e4dt Ihr Browser die ben\u00f6tigten Web Fonts in ihren Browser-Cache, um Texte und Schriftarten korrekt anzuzeigen und stellt eine direkte Verbindung zu den Servern des Anbieters her. Hierbei werden bestimmte Browserinformationen, einschlie\u00dflich Ihrer IP-Adresse, an den Anbieter \u00fcbermittelt. Daten k\u00f6nnen zudem \u00fcbermittelt werden an: Google LLC, USA Die Verarbeitung von personenbezogenen Daten im Zuge der Verbindungsaufnahme mit dem Anbieter der Schriftarten wird nur dann vollzogen, wenn Sie uns gem\u00e4\u00df Art. 6 Abs. 1 lit. a DSGVO dazu Ihre ausdr\u00fcckliche Einwilligung erteilt haben. Sie k\u00f6nnen Ihre erteilte Einwilligung jederzeit mit Wirkung f\u00fcr die Zukunft widerrufen, indem Sie diesen Dienst \u00fcber das auf der Webseite bereitgestellte \u201eCookie-Consent-Tool\u201c deaktivieren. Falls Ihr Browser keine Web Fonts unterst\u00fctzt, wird eine Standardschrift von Ihrem Computer genutzt. F\u00fcr Daten\u00fcbermittlungen in die USA hat sich der Anbieter dem EU-US-Datenschutzrahmen (EU-US Data Privacy Framework) angeschlossen, das auf Basis eines Angemessenheitsbeschlusses der Europ\u00e4ischen Kommission die Einhaltung des europ\u00e4ischen Datenschutzniveaus\u00a0sicherstellt. Weitere Hinweise zu den Datenschutzbestimmungen von Google finden sich hier: https:\/\/business.safety.google\/intl\/de\/privacy\/ 6.2\u00a0Google reCAPTCHA Auf dieser Website verwenden wir den CAPTCHA-Dienst des folgenden Anbieters: Google Ireland Limited, Gordon House, 4 Barrow St, Dublin, D04 E5W5, Irland Daten k\u00f6nnen zudem \u00fcbermittelt werden an: Google LLC, USA. F\u00fcr die optische Gestaltung des Captcha-Fensters werden vom Anbieter \u201eGoogle Fonts&#8220;, also von Google aus dem Internet geladene Schriftarten, verwendet. Zu einer Verarbeitung weiterer Informationen als den oben genannten, die bereits \u00fcber die Funktionalit\u00e4t von ReCaptcha an Google \u00fcbertragen werden, kommt es hierbei nicht. Der Dienst pr\u00fcft, ob eine Eingabe durch eine nat\u00fcrliche Person oder missbr\u00e4uchlich durch maschinelle und automatisierte Verarbeitung erfolgt, und blockiert Spam, DDoS-Attacken<\/p>","protected":false},"author":1,"featured_media":0,"parent":0,"menu_order":0,"comment_status":"closed","ping_status":"closed","template":"","meta":{"footnotes":""},"class_list":["post-120","page","type-page","status-publish","hentry"],"_links":{"self":[{"href":"https:\/\/rheumatologie-am-hochkreuz.de\/en\/wp-json\/wp\/v2\/pages\/120","targetHints":{"allow":["GET"]}}],"collection":[{"href":"https:\/\/rheumatologie-am-hochkreuz.de\/en\/wp-json\/wp\/v2\/pages"}],"about":[{"href":"https:\/\/rheumatologie-am-hochkreuz.de\/en\/wp-json\/wp\/v2\/types\/page"}],"author":[{"embeddable":true,"href":"https:\/\/rheumatologie-am-hochkreuz.de\/en\/wp-json\/wp\/v2\/users\/1"}],"replies":[{"embeddable":true,"href":"https:\/\/rheumatologie-am-hochkreuz.de\/en\/wp-json\/wp\/v2\/comments?post=120"}],"version-history":[{"count":40,"href":"https:\/\/rheumatologie-am-hochkreuz.de\/en\/wp-json\/wp\/v2\/pages\/120\/revisions"}],"predecessor-version":[{"id":1366,"href":"https:\/\/rheumatologie-am-hochkreuz.de\/en\/wp-json\/wp\/v2\/pages\/120\/revisions\/1366"}],"wp:attachment":[{"href":"https:\/\/rheumatologie-am-hochkreuz.de\/en\/wp-json\/wp\/v2\/media?parent=120"}],"curies":[{"name":"wp","href":"https:\/\/api.w.org\/{rel}","templated":true}]}}