{"id":177,"date":"2024-07-06T09:11:50","date_gmt":"2024-07-06T09:11:50","guid":{"rendered":"http:\/\/rheumatologie-am-hochkreuz.de\/20-2\/?page_id=177"},"modified":"2025-05-09T21:04:38","modified_gmt":"2025-05-09T21:04:38","slug":"startseite-3","status":"publish","type":"page","link":"https:\/\/rheumatologie-am-hochkreuz.de\/en\/","title":{"rendered":"Startseite"},"content":{"rendered":"\t\t<div data-elementor-type=\"wp-page\" data-elementor-id=\"177\" class=\"elementor elementor-177\" data-elementor-post-type=\"page\">\n\t\t\t\t<div class=\"elementor-element elementor-element-de877cf e-con-full e-flex wpr-particle-no wpr-jarallax-no wpr-parallax-no wpr-sticky-section-no wpr-equal-height-no e-con e-parent\" data-id=\"de877cf\" data-element_type=\"container\" data-e-type=\"container\" data-settings=\"{&quot;background_background&quot;:&quot;slideshow&quot;,&quot;background_slideshow_gallery&quot;:[{&quot;id&quot;:150,&quot;url&quot;:&quot;http:\\\/\\\/rheumatologie-am-hochkreuz.de\\\/wp-content\\\/uploads\\\/2024\\\/07\\\/Rheumatologie-endokrinologie-Home-Ultraschall.png&quot;}],&quot;background_slideshow_loop&quot;:&quot;yes&quot;,&quot;background_slideshow_slide_duration&quot;:5000,&quot;background_slideshow_slide_transition&quot;:&quot;fade&quot;,&quot;background_slideshow_transition_duration&quot;:500}\">\n\t\t<div class=\"elementor-element elementor-element-1a3ef45 e-flex e-con-boxed wpr-particle-no wpr-jarallax-no wpr-parallax-no wpr-sticky-section-no wpr-equal-height-no e-con e-child\" data-id=\"1a3ef45\" data-element_type=\"container\" data-e-type=\"container\">\n\t\t\t\t\t<div class=\"e-con-inner\">\n\t\t<div class=\"elementor-element elementor-element-d07462d e-grid e-con-full wpr-particle-no wpr-jarallax-no wpr-parallax-no wpr-sticky-section-no wpr-equal-height-no e-con e-child\" data-id=\"d07462d\" data-element_type=\"container\" data-e-type=\"container\" data-settings=\"{&quot;background_background&quot;:&quot;classic&quot;}\">\n\t\t\t\t<div class=\"elementor-element elementor-element-c5e4f22 elementor-widget elementor-widget-text-editor\" data-id=\"c5e4f22\" data-element_type=\"widget\" data-e-type=\"widget\" id=\".custom-h1\" data-widget_type=\"text-editor.default\">\n\t\t\t\t<div class=\"elementor-widget-container\">\n\t\t\t\t\t\t\t\t\t<h1>Schwerpunktpraxis f\u00fcr<br \/>Rheumatologie und Endokrinologie<\/h1><p>Dr. Frank I\u00fctke Elshoff<br \/>Dr. Felix Schlegel<br \/>Priv.-Doz. Dr. Helmut Franck<\/p><p>Godesberger Allee 90<br \/>(Hochkreuz)<br \/>53175 Bonn<\/p><p><strong>Unser Fachbereich Endokrinologie wird nur f\u00fcr Privatpatienten und Selbstzahler angeboten.<\/strong><\/p>\t\t\t\t\t\t\t\t<\/div>\n\t\t\t\t<\/div>\n\t\t\t\t<div class=\"elementor-element elementor-element-0ed0ea6 elementor-widget elementor-widget-text-editor\" data-id=\"0ed0ea6\" data-element_type=\"widget\" data-e-type=\"widget\" data-widget_type=\"text-editor.default\">\n\t\t\t\t<div class=\"elementor-widget-container\">\n\t\t\t\t\t\t\t\t\t<h2>Willkommen in unserer Praxis &#8211;<br \/>wir freuen uns auf Ihren Besuch<\/h2><p>Sie erhalten auf dieser und den folgenden Seiten Einblicke in unsere medizinischen Fachgebiete und unser Leistungsspektrum.<br \/><br \/>Als Ihre Spezialisten f\u00fcr Rheuma- und Knochenkrankheiten sowie Stoffwechselerkrankungen und Hormonst\u00f6rungen stehen wir Ihnen f\u00fcr weitere Ausk\u00fcnfte gerne zur Verf\u00fcgung.<br \/><br \/>Seit M\u00e4rz 2008 sind wir als 1. ambulantes osteologisches Schwerpunktzentrum DVO (Osteoporose) in Bonn zertifiziert.<br \/><br \/>Wir freuen uns auf Ihren Anruf!<\/p>\t\t\t\t\t\t\t\t<\/div>\n\t\t\t\t<\/div>\n\t\t\t\t<div class=\"elementor-element elementor-element-cd1394a elementor-widget elementor-widget-text-editor\" data-id=\"cd1394a\" data-element_type=\"widget\" data-e-type=\"widget\" data-widget_type=\"text-editor.default\">\n\t\t\t\t<div class=\"elementor-widget-container\">\n\t\t\t\t\t\t\t\t\t<div class=\"elementor-icon-box-content\"><h2 class=\"elementor-icon-box-title\">Unsere Sprechzeiten<\/h2><p class=\"elementor-icon-box-description\">Montag, Dienstag, Donnerstag <br \/>08:00 bis 16:30 Uhr<\/p><p>Mittwoch, Freitag <br \/>08:00 bis 13:00 Uhr<\/p><p><strong>KONTAKTIEREN SIE UNS<\/strong><\/p><p>Telefon: <a href=\"tel:+49228332016\">02 28 \/ 33 20 16<\/a><\/p><p>Email: <a href=\"mailto:info@rheumatologie-endokrinologie.de\">info@rheumatologie-endokrinologie.de<\/a><\/p><\/div>\t\t\t\t\t\t\t\t<\/div>\n\t\t\t\t<\/div>\n\t\t\t\t<div class=\"elementor-element elementor-element-ef7c568 e-transform e-transform e-transform elementor-widget elementor-widget-image\" data-id=\"ef7c568\" data-element_type=\"widget\" data-e-type=\"widget\" data-settings=\"{&quot;_transform_rotateZ_effect&quot;:{&quot;unit&quot;:&quot;px&quot;,&quot;size&quot;:-4,&quot;sizes&quot;:[]},&quot;_transform_translateY_effect&quot;:{&quot;unit&quot;:&quot;px&quot;,&quot;size&quot;:49,&quot;sizes&quot;:[]},&quot;_transform_skewX_effect&quot;:{&quot;unit&quot;:&quot;px&quot;,&quot;size&quot;:0,&quot;sizes&quot;:[]},&quot;_transform_rotateZ_effect_tablet&quot;:{&quot;unit&quot;:&quot;deg&quot;,&quot;size&quot;:&quot;&quot;,&quot;sizes&quot;:[]},&quot;_transform_rotateZ_effect_mobile&quot;:{&quot;unit&quot;:&quot;deg&quot;,&quot;size&quot;:&quot;&quot;,&quot;sizes&quot;:[]},&quot;_transform_translateX_effect&quot;:{&quot;unit&quot;:&quot;px&quot;,&quot;size&quot;:&quot;&quot;,&quot;sizes&quot;:[]},&quot;_transform_translateX_effect_tablet&quot;:{&quot;unit&quot;:&quot;px&quot;,&quot;size&quot;:&quot;&quot;,&quot;sizes&quot;:[]},&quot;_transform_translateX_effect_mobile&quot;:{&quot;unit&quot;:&quot;px&quot;,&quot;size&quot;:&quot;&quot;,&quot;sizes&quot;:[]},&quot;_transform_translateY_effect_tablet&quot;:{&quot;unit&quot;:&quot;px&quot;,&quot;size&quot;:&quot;&quot;,&quot;sizes&quot;:[]},&quot;_transform_translateY_effect_mobile&quot;:{&quot;unit&quot;:&quot;px&quot;,&quot;size&quot;:&quot;&quot;,&quot;sizes&quot;:[]},&quot;_transform_skewX_effect_tablet&quot;:{&quot;unit&quot;:&quot;deg&quot;,&quot;size&quot;:&quot;&quot;,&quot;sizes&quot;:[]},&quot;_transform_skewX_effect_mobile&quot;:{&quot;unit&quot;:&quot;deg&quot;,&quot;size&quot;:&quot;&quot;,&quot;sizes&quot;:[]},&quot;_transform_skewY_effect&quot;:{&quot;unit&quot;:&quot;px&quot;,&quot;size&quot;:&quot;&quot;,&quot;sizes&quot;:[]},&quot;_transform_skewY_effect_tablet&quot;:{&quot;unit&quot;:&quot;deg&quot;,&quot;size&quot;:&quot;&quot;,&quot;sizes&quot;:[]},&quot;_transform_skewY_effect_mobile&quot;:{&quot;unit&quot;:&quot;deg&quot;,&quot;size&quot;:&quot;&quot;,&quot;sizes&quot;:[]}}\" data-widget_type=\"image.default\">\n\t\t\t\t<div class=\"elementor-widget-container\">\n\t\t\t\t\t\t\t\t\t\t\t\t\t\t\t<img fetchpriority=\"high\" decoding=\"async\" width=\"300\" height=\"272\" src=\"https:\/\/rheumatologie-am-hochkreuz.de\/wp-content\/uploads\/2025\/03\/Zertifizierung-Ambulantes-Osteologisches-Schwerpunktzentrum-DVO-300x272.jpg\" class=\"attachment-medium size-medium wp-image-1083\" alt=\"Zertifizierung Ambulantes Osteologisches Schwerpunktzentrum DVO\" srcset=\"https:\/\/rheumatologie-am-hochkreuz.de\/wp-content\/uploads\/2025\/03\/Zertifizierung-Ambulantes-Osteologisches-Schwerpunktzentrum-DVO-300x272.jpg 300w, https:\/\/rheumatologie-am-hochkreuz.de\/wp-content\/uploads\/2025\/03\/Zertifizierung-Ambulantes-Osteologisches-Schwerpunktzentrum-DVO-13x12.jpg 13w, https:\/\/rheumatologie-am-hochkreuz.de\/wp-content\/uploads\/2025\/03\/Zertifizierung-Ambulantes-Osteologisches-Schwerpunktzentrum-DVO.jpg 590w\" sizes=\"(max-width: 300px) 100vw, 300px\" \/>\t\t\t\t\t\t\t\t\t\t\t\t\t\t\t<\/div>\n\t\t\t\t<\/div>\n\t\t\t\t<\/div>\n\t\t\t\t\t<\/div>\n\t\t\t\t<\/div>\n\t\t\t\t<\/div>\n\t\t<div class=\"elementor-element elementor-element-8d0d4f2 e-flex e-con-boxed wpr-particle-no wpr-jarallax-no wpr-parallax-no wpr-sticky-section-no wpr-equal-height-no e-con e-parent\" data-id=\"8d0d4f2\" data-element_type=\"container\" data-e-type=\"container\">\n\t\t\t\t\t<div class=\"e-con-inner\">\n\t\t\t\t<div class=\"elementor-element elementor-element-67005e0 elementor-widget elementor-widget-heading\" data-id=\"67005e0\" data-element_type=\"widget\" data-e-type=\"widget\" data-widget_type=\"heading.default\">\n\t\t\t\t<div class=\"elementor-widget-container\">\n\t\t\t\t\t<h2 class=\"elementor-heading-title elementor-size-default\">Die Schwerpunkte unserer Praxis in Bonn am Hochkreuz:<br>\n<b>Rheumatologie und Endokrinologie<\/b><\/h2>\t\t\t\t<\/div>\n\t\t\t\t<\/div>\n\t\t\t\t\t<\/div>\n\t\t\t\t<\/div>\n\t\t<div class=\"elementor-element elementor-element-d8d2430 e-flex e-con-boxed wpr-particle-no wpr-jarallax-no wpr-parallax-no wpr-sticky-section-no wpr-equal-height-no e-con e-parent\" data-id=\"d8d2430\" data-element_type=\"container\" data-e-type=\"container\" data-settings=\"{&quot;background_background&quot;:&quot;classic&quot;}\">\n\t\t\t\t\t<div class=\"e-con-inner\">\n\t\t<div class=\"elementor-element elementor-element-a6c1317 e-con-full e-flex wpr-particle-no wpr-jarallax-no wpr-parallax-no wpr-sticky-section-no wpr-equal-height-no e-con e-child\" data-id=\"a6c1317\" data-element_type=\"container\" data-e-type=\"container\">\n\t\t\t\t<div class=\"elementor-element elementor-element-8a56082 elementor-widget elementor-widget-image\" data-id=\"8a56082\" data-element_type=\"widget\" data-e-type=\"widget\" data-widget_type=\"image.default\">\n\t\t\t\t<div class=\"elementor-widget-container\">\n\t\t\t\t\t\t\t\t\t\t\t\t\t\t\t<img decoding=\"async\" width=\"496\" height=\"372\" src=\"https:\/\/rheumatologie-am-hochkreuz.de\/wp-content\/uploads\/2024\/07\/Rheumatologie-endokrinologie-Roentgen-Besprechung.jpg\" class=\"attachment-large size-large wp-image-236\" alt=\"Rheumatologie, R\u00f6ntgenbildanalyse\" srcset=\"https:\/\/rheumatologie-am-hochkreuz.de\/wp-content\/uploads\/2024\/07\/Rheumatologie-endokrinologie-Roentgen-Besprechung.jpg 496w, https:\/\/rheumatologie-am-hochkreuz.de\/wp-content\/uploads\/2024\/07\/Rheumatologie-endokrinologie-Roentgen-Besprechung-300x225.jpg 300w, https:\/\/rheumatologie-am-hochkreuz.de\/wp-content\/uploads\/2024\/07\/Rheumatologie-endokrinologie-Roentgen-Besprechung-16x12.jpg 16w\" sizes=\"(max-width: 496px) 100vw, 496px\" \/>\t\t\t\t\t\t\t\t\t\t\t\t\t\t\t<\/div>\n\t\t\t\t<\/div>\n\t\t\t\t<div class=\"elementor-element elementor-element-93f3ede e-transform elementor-widget elementor-widget-heading\" data-id=\"93f3ede\" data-element_type=\"widget\" data-e-type=\"widget\" data-settings=\"{&quot;_transform_translateX_effect&quot;:{&quot;unit&quot;:&quot;px&quot;,&quot;size&quot;:0,&quot;sizes&quot;:[]},&quot;_transform_translateY_effect&quot;:{&quot;unit&quot;:&quot;px&quot;,&quot;size&quot;:-50,&quot;sizes&quot;:[]},&quot;_transform_translateX_effect_tablet&quot;:{&quot;unit&quot;:&quot;px&quot;,&quot;size&quot;:&quot;&quot;,&quot;sizes&quot;:[]},&quot;_transform_translateX_effect_mobile&quot;:{&quot;unit&quot;:&quot;px&quot;,&quot;size&quot;:&quot;&quot;,&quot;sizes&quot;:[]},&quot;_transform_translateY_effect_tablet&quot;:{&quot;unit&quot;:&quot;px&quot;,&quot;size&quot;:&quot;&quot;,&quot;sizes&quot;:[]},&quot;_transform_translateY_effect_mobile&quot;:{&quot;unit&quot;:&quot;px&quot;,&quot;size&quot;:&quot;&quot;,&quot;sizes&quot;:[]}}\" data-widget_type=\"heading.default\">\n\t\t\t\t<div class=\"elementor-widget-container\">\n\t\t\t\t\t<h2 class=\"elementor-heading-title elementor-size-default\"><a href=\"https:\/\/rheumatologie-am-hochkreuz.de\/rheumatologie\/\">Rheumatologie<\/a><\/h2>\t\t\t\t<\/div>\n\t\t\t\t<\/div>\n\t\t\t\t<div class=\"elementor-element elementor-element-aa88912 elementor-widget elementor-widget-text-editor\" data-id=\"aa88912\" data-element_type=\"widget\" data-e-type=\"widget\" data-widget_type=\"text-editor.default\">\n\t\t\t\t<div class=\"elementor-widget-container\">\n\t\t\t\t\t\t\t\t\t<p>Sie als Patient mit rheumatischen Beschwerden klagen \u00fcber akute oder chronische Gelenk-, Wirbels\u00e4ulen- oder Muskelschmerzen. Hier gilt es, durch eine spezielle Diagnostik und breite Abkl\u00e4rung die genaue Ursache ihrer Erkrankung festzustellen, um sie nach neuestem internationalen Standard therapieren zu k\u00f6nnen. Als Internisten mit einem breiten diagnostischen Spektrum k\u00f6nnen wir die Beteiligung innerer Organe bei rheumatischen Erkrankungen in unserer Praxis \u00fcberpr\u00fcfen.<\/p>\t\t\t\t\t\t\t\t<\/div>\n\t\t\t\t<\/div>\n\t\t\t\t<div class=\"elementor-element elementor-element-7bc051c elementor-align-center elementor-widget elementor-widget-button\" data-id=\"7bc051c\" data-element_type=\"widget\" data-e-type=\"widget\" data-widget_type=\"button.default\">\n\t\t\t\t<div class=\"elementor-widget-container\">\n\t\t\t\t\t\t\t\t\t<div class=\"elementor-button-wrapper\">\n\t\t\t\t\t<a class=\"elementor-button elementor-button-link elementor-size-sm\" href=\"https:\/\/rheumatologie-am-hochkreuz.de\/leistungen-in-der-rheumatologie\/\">\n\t\t\t\t\t\t<span class=\"elementor-button-content-wrapper\">\n\t\t\t\t\t\t\t\t\t<span class=\"elementor-button-text\">Erfahren Sie mehr \u00fcber die Leistungen der Rheumatologie<\/span>\n\t\t\t\t\t<\/span>\n\t\t\t\t\t<\/a>\n\t\t\t\t<\/div>\n\t\t\t\t\t\t\t\t<\/div>\n\t\t\t\t<\/div>\n\t\t\t\t<\/div>\n\t\t<div class=\"elementor-element elementor-element-425b010 e-con-full e-flex wpr-particle-no wpr-jarallax-no wpr-parallax-no wpr-sticky-section-no wpr-equal-height-no e-con e-child\" data-id=\"425b010\" data-element_type=\"container\" data-e-type=\"container\">\n\t\t\t\t<div class=\"elementor-element elementor-element-bdfb812 elementor-widget elementor-widget-image\" data-id=\"bdfb812\" data-element_type=\"widget\" data-e-type=\"widget\" data-widget_type=\"image.default\">\n\t\t\t\t<div class=\"elementor-widget-container\">\n\t\t\t\t\t\t\t\t\t\t\t\t\t\t\t<img decoding=\"async\" width=\"496\" height=\"372\" src=\"https:\/\/rheumatologie-am-hochkreuz.de\/wp-content\/uploads\/2024\/07\/Rheumatologie-endokrinologie-Labor-Mikroskop-Untersuchung.jpg\" class=\"attachment-large size-large wp-image-340\" alt=\"\" srcset=\"https:\/\/rheumatologie-am-hochkreuz.de\/wp-content\/uploads\/2024\/07\/Rheumatologie-endokrinologie-Labor-Mikroskop-Untersuchung.jpg 496w, https:\/\/rheumatologie-am-hochkreuz.de\/wp-content\/uploads\/2024\/07\/Rheumatologie-endokrinologie-Labor-Mikroskop-Untersuchung-300x225.jpg 300w, https:\/\/rheumatologie-am-hochkreuz.de\/wp-content\/uploads\/2024\/07\/Rheumatologie-endokrinologie-Labor-Mikroskop-Untersuchung-16x12.jpg 16w\" sizes=\"(max-width: 496px) 100vw, 496px\" \/>\t\t\t\t\t\t\t\t\t\t\t\t\t\t\t<\/div>\n\t\t\t\t<\/div>\n\t\t\t\t<div class=\"elementor-element elementor-element-42fce1c e-transform elementor-widget elementor-widget-heading\" data-id=\"42fce1c\" data-element_type=\"widget\" data-e-type=\"widget\" data-settings=\"{&quot;_transform_translateX_effect&quot;:{&quot;unit&quot;:&quot;px&quot;,&quot;size&quot;:0,&quot;sizes&quot;:[]},&quot;_transform_translateY_effect&quot;:{&quot;unit&quot;:&quot;px&quot;,&quot;size&quot;:-50,&quot;sizes&quot;:[]},&quot;_transform_translateX_effect_tablet&quot;:{&quot;unit&quot;:&quot;px&quot;,&quot;size&quot;:&quot;&quot;,&quot;sizes&quot;:[]},&quot;_transform_translateX_effect_mobile&quot;:{&quot;unit&quot;:&quot;px&quot;,&quot;size&quot;:&quot;&quot;,&quot;sizes&quot;:[]},&quot;_transform_translateY_effect_tablet&quot;:{&quot;unit&quot;:&quot;px&quot;,&quot;size&quot;:&quot;&quot;,&quot;sizes&quot;:[]},&quot;_transform_translateY_effect_mobile&quot;:{&quot;unit&quot;:&quot;px&quot;,&quot;size&quot;:&quot;&quot;,&quot;sizes&quot;:[]}}\" data-widget_type=\"heading.default\">\n\t\t\t\t<div class=\"elementor-widget-container\">\n\t\t\t\t\t<h2 class=\"elementor-heading-title elementor-size-default\"><a href=\"https:\/\/rheumatologie-am-hochkreuz.de\/die-endokrinologie\/\">Endokrinologie*<\/a><\/h2>\t\t\t\t<\/div>\n\t\t\t\t<\/div>\n\t\t\t\t<div class=\"elementor-element elementor-element-cb061bc elementor-widget elementor-widget-text-editor\" data-id=\"cb061bc\" data-element_type=\"widget\" data-e-type=\"widget\" data-widget_type=\"text-editor.default\">\n\t\t\t\t<div class=\"elementor-widget-container\">\n\t\t\t\t\t\t\t\t\t<p>Als Patient mit Stoffwechselerkrankungen oder hormonellen St\u00f6rungen werden Sie h\u00e4ufig schon durch Ihren Hausarzt auf abweichende Laborwerte aufmerksam gemacht. H\u00e4ufig gilt es dabei, unterschiedliche Stoffwechselerkrankungen voneinander abzugrenzen.<\/p>\n<p><br>* Die endokrinologischen Leistungen bieten wir nur f\u00fcr Privatpatienten und Selbstzahler an.<br><\/p>\t\t\t\t\t\t\t\t<\/div>\n\t\t\t\t<\/div>\n\t\t\t\t<div class=\"elementor-element elementor-element-9077c8d elementor-align-center elementor-widget elementor-widget-button\" data-id=\"9077c8d\" data-element_type=\"widget\" data-e-type=\"widget\" data-widget_type=\"button.default\">\n\t\t\t\t<div class=\"elementor-widget-container\">\n\t\t\t\t\t\t\t\t\t<div class=\"elementor-button-wrapper\">\n\t\t\t\t\t<a class=\"elementor-button elementor-button-link elementor-size-sm\" href=\"https:\/\/rheumatologie-am-hochkreuz.de\/leistungen-in-der-endokrinologie\/\">\n\t\t\t\t\t\t<span class=\"elementor-button-content-wrapper\">\n\t\t\t\t\t\t\t\t\t<span class=\"elementor-button-text\">Erfahren Sie mehr \u00fcber die Leistungen der Endokrinologie<\/span>\n\t\t\t\t\t<\/span>\n\t\t\t\t\t<\/a>\n\t\t\t\t<\/div>\n\t\t\t\t\t\t\t\t<\/div>\n\t\t\t\t<\/div>\n\t\t\t\t<\/div>\n\t\t\t\t\t<\/div>\n\t\t\t\t<\/div>\n\t\t<div class=\"elementor-element elementor-element-f46f5f7 e-flex e-con-boxed wpr-particle-no wpr-jarallax-no wpr-parallax-no wpr-sticky-section-no wpr-equal-height-no e-con e-parent\" data-id=\"f46f5f7\" data-element_type=\"container\" data-e-type=\"container\">\n\t\t\t\t\t<div class=\"e-con-inner\">\n\t\t\t\t<div class=\"elementor-element elementor-element-2dc7333 elementor-widget elementor-widget-spacer\" data-id=\"2dc7333\" data-element_type=\"widget\" data-e-type=\"widget\" data-widget_type=\"spacer.default\">\n\t\t\t\t<div class=\"elementor-widget-container\">\n\t\t\t\t\t\t\t<div class=\"elementor-spacer\">\n\t\t\t<div class=\"elementor-spacer-inner\"><\/div>\n\t\t<\/div>\n\t\t\t\t\t\t<\/div>\n\t\t\t\t<\/div>\n\t\t\t\t\t<\/div>\n\t\t\t\t<\/div>\n\t\t\t\t<\/div>\n\t\t","protected":false},"excerpt":{"rendered":"<p>Schwerpunktpraxis f\u00fcrRheumatologie und Endokrinologie Dr. Frank I\u00fctke ElshoffDr. Felix SchlegelPriv.-Doz. Dr. Helmut Franck Godesberger Allee 90(Hochkreuz)53175 Bonn Unser Fachbereich Endokrinologie wird nur f\u00fcr Privatpatienten und Selbstzahler angeboten. Willkommen in unserer Praxis &#8211;wir freuen uns auf Ihren Besuch Sie erhalten auf dieser und den folgenden Seiten Einblicke in unsere medizinischen Fachgebiete und unser Leistungsspektrum. Als Ihre Spezialisten f\u00fcr Rheuma- und Knochenkrankheiten sowie Stoffwechselerkrankungen und Hormonst\u00f6rungen stehen wir Ihnen f\u00fcr weitere Ausk\u00fcnfte gerne zur Verf\u00fcgung. Seit M\u00e4rz 2008 sind wir als 1. ambulantes osteologisches Schwerpunktzentrum DVO (Osteoporose) in Bonn zertifiziert. Wir freuen uns auf Ihren Anruf! Unsere Sprechzeiten Montag, Dienstag, Donnerstag 08:00 bis 16:30 Uhr Mittwoch, Freitag 08:00 bis 13:00 Uhr KONTAKTIEREN SIE UNS Telefon: 02 28 \/ 33 20 16 Email: info@rheumatologie-endokrinologie.de Die Schwerpunkte unserer Praxis in Bonn am Hochkreuz: Rheumatologie und Endokrinologie Rheumatologie Sie als Patient mit rheumatischen Beschwerden klagen \u00fcber akute oder chronische Gelenk-, Wirbels\u00e4ulen- oder Muskelschmerzen. Hier gilt es, durch eine spezielle Diagnostik und breite Abkl\u00e4rung die genaue Ursache ihrer Erkrankung festzustellen, um sie nach neuestem internationalen Standard therapieren zu k\u00f6nnen. Als Internisten mit einem breiten diagnostischen Spektrum k\u00f6nnen wir die Beteiligung innerer Organe bei rheumatischen Erkrankungen in unserer Praxis \u00fcberpr\u00fcfen. Erfahren Sie mehr \u00fcber die Leistungen der Rheumatologie Endokrinologie* Als Patient mit Stoffwechselerkrankungen oder hormonellen St\u00f6rungen werden Sie h\u00e4ufig schon durch Ihren Hausarzt auf abweichende Laborwerte aufmerksam gemacht. H\u00e4ufig gilt es dabei, unterschiedliche Stoffwechselerkrankungen voneinander abzugrenzen. * Die endokrinologischen Leistungen bieten wir nur f\u00fcr Privatpatienten und Selbstzahler an. Erfahren Sie mehr \u00fcber die Leistungen der Endokrinologie<\/p>","protected":false},"author":1,"featured_media":0,"parent":0,"menu_order":0,"comment_status":"closed","ping_status":"closed","template":"","meta":{"footnotes":""},"class_list":["post-177","page","type-page","status-publish","hentry"],"_links":{"self":[{"href":"https:\/\/rheumatologie-am-hochkreuz.de\/en\/wp-json\/wp\/v2\/pages\/177","targetHints":{"allow":["GET"]}}],"collection":[{"href":"https:\/\/rheumatologie-am-hochkreuz.de\/en\/wp-json\/wp\/v2\/pages"}],"about":[{"href":"https:\/\/rheumatologie-am-hochkreuz.de\/en\/wp-json\/wp\/v2\/types\/page"}],"author":[{"embeddable":true,"href":"https:\/\/rheumatologie-am-hochkreuz.de\/en\/wp-json\/wp\/v2\/users\/1"}],"replies":[{"embeddable":true,"href":"https:\/\/rheumatologie-am-hochkreuz.de\/en\/wp-json\/wp\/v2\/comments?post=177"}],"version-history":[{"count":173,"href":"https:\/\/rheumatologie-am-hochkreuz.de\/en\/wp-json\/wp\/v2\/pages\/177\/revisions"}],"predecessor-version":[{"id":1422,"href":"https:\/\/rheumatologie-am-hochkreuz.de\/en\/wp-json\/wp\/v2\/pages\/177\/revisions\/1422"}],"wp:attachment":[{"href":"https:\/\/rheumatologie-am-hochkreuz.de\/en\/wp-json\/wp\/v2\/media?parent=177"}],"curies":[{"name":"wp","href":"https:\/\/api.w.org\/{rel}","templated":true}]}}