{"id":424,"date":"2024-08-11T20:43:18","date_gmt":"2024-08-11T20:43:18","guid":{"rendered":"http:\/\/rheumatologie-am-hochkreuz.de\/20-2\/?page_id=424"},"modified":"2025-05-09T21:01:53","modified_gmt":"2025-05-09T21:01:53","slug":"rheumatologie","status":"publish","type":"page","link":"https:\/\/rheumatologie-am-hochkreuz.de\/en\/rheumatologie\/","title":{"rendered":"Rheumatology"},"content":{"rendered":"<div data-elementor-type=\"wp-page\" data-elementor-id=\"424\" class=\"elementor elementor-424\" data-elementor-post-type=\"page\">\n\t\t\t\t<div class=\"elementor-element elementor-element-ee6bd80 e-flex e-con-boxed wpr-particle-no wpr-jarallax-no wpr-parallax-no wpr-sticky-section-no wpr-equal-height-no e-con e-parent\" data-id=\"ee6bd80\" data-element_type=\"container\" data-e-type=\"container\">\n\t\t\t\t\t<div class=\"e-con-inner\">\n\t\t\t\t<div class=\"elementor-element elementor-element-cdd4988 elementor-widget elementor-widget-heading\" data-id=\"cdd4988\" data-element_type=\"widget\" data-e-type=\"widget\" data-widget_type=\"heading.default\">\n\t\t\t\t<div class=\"elementor-widget-container\">\n\t\t\t\t\t<h1 class=\"elementor-heading-title elementor-size-default\">Rheumatology<\/h1>\t\t\t\t<\/div>\n\t\t\t\t<\/div>\n\t\t\t\t\t<\/div>\n\t\t\t\t<\/div>\n\t\t<div class=\"elementor-element elementor-element-d1458ff e-flex e-con-boxed wpr-particle-no wpr-jarallax-no wpr-parallax-no wpr-sticky-section-no wpr-equal-height-no e-con e-parent\" data-id=\"d1458ff\" data-element_type=\"container\" data-e-type=\"container\">\n\t\t\t\t\t<div class=\"e-con-inner\">\n\t\t\t\t<div class=\"elementor-element elementor-element-4977092 elementor-widget elementor-widget-text-editor\" data-id=\"4977092\" data-element_type=\"widget\" data-e-type=\"widget\" data-widget_type=\"text-editor.default\">\n\t\t\t\t<div class=\"elementor-widget-container\">\n\t\t\t\t\t\t\t\t\t<p class=\"colorText\"><strong>Care begins with assessing the concerns and needs of each individual, with communication of information that increases understanding of the disease process, allays anxiety, and enhances coping skills. Treatment plans are individualized and are designed to maximize safety, address the most troubling symptoms, anticipate and minimize future problems, and reflect up-to-date knowledge. <br \/><\/strong>In our outpatient clinic we offer sophisticated diagnostic and therapeutic care of patients with all kind of rheumatic diseases and bone disorders. After diagnostic procedures and etablishing a diagnosis the patient will be offered a special treatment for its distinct rheumatic disease.<strong><br \/><\/strong><\/p>\t\t\t\t\t\t\t\t<\/div>\n\t\t\t\t<\/div>\n\t\t\t\t\t<\/div>\n\t\t\t\t<\/div>\n\t\t<div class=\"elementor-element elementor-element-3a46459 e-flex e-con-boxed wpr-particle-no wpr-jarallax-no wpr-parallax-no wpr-sticky-section-no wpr-equal-height-no e-con e-parent\" data-id=\"3a46459\" data-element_type=\"container\" data-e-type=\"container\">\n\t\t\t\t\t<div class=\"e-con-inner\">\n\t\t\t\t<div class=\"elementor-element elementor-element-a422e9d elementor-widget elementor-widget-heading\" data-id=\"a422e9d\" data-element_type=\"widget\" data-e-type=\"widget\" data-widget_type=\"heading.default\">\n\t\t\t\t<div class=\"elementor-widget-container\">\n\t\t\t\t\t<h2 class=\"elementor-heading-title elementor-size-default\">Patients contact the clinic or are referred by specialists for conditions including the following:<\/h2>\t\t\t\t<\/div>\n\t\t\t\t<\/div>\n\t\t\t\t\t<\/div>\n\t\t\t\t<\/div>\n\t\t<div class=\"elementor-element elementor-element-d40352c e-flex e-con-boxed wpr-particle-no wpr-jarallax-no wpr-parallax-no wpr-sticky-section-no wpr-equal-height-no e-con e-parent\" data-id=\"d40352c\" data-element_type=\"container\" data-e-type=\"container\">\n\t\t\t\t\t<div class=\"e-con-inner\">\n\t\t\t\t<div class=\"elementor-element elementor-element-f289e91 elementor-widget elementor-widget-text-editor\" data-id=\"f289e91\" data-element_type=\"widget\" data-e-type=\"widget\" data-widget_type=\"text-editor.default\">\n\t\t\t\t<div class=\"elementor-widget-container\">\n\t\t\t\t\t\t\t\t\t<ul><li><strong>Rheumatoid Arthritis<br \/><\/strong>(chronic polyarthritis) Inflammation of numerous joints, especially of the hands and feet<\/li><li><strong>Ankylosing spondylitis and other spondarthropathies<\/strong> <br \/>(including diseases of the axial and thoracic skeleton with some peripheral arthritis)<\/li><li><strong>Crystal-induced-<\/strong><strong>Arthritis following bacterial infections<br \/><\/strong>(reactive or post-infectious arthritis\/riding syndromes, infectious and parainfectious arthritis) such as Lyme arthritis, Chlamydia-induced arthritis, Yersinia-induced arthritis, etc.\u00a0<\/li><li><strong>Psoriatic Arthritis<\/strong> <br \/>(Joint infestation with and without psoriasis)<\/li><li><strong>Periarthropathies and enthesiopathies <\/strong><\/li><li><strong>Sjogren's Syndrome (with dry eyes and mouth) and     Systemic Lupus Erythematosus<br \/><\/strong>i.e. inflammatory connective tissue diseases such as lupus erythematosus, Sj\u00f6gren's syndrome, polymyositis, etc.<\/li><li><strong>Vasculitis (inflammation of the vessels)<\/strong><br \/>i.e. inflammatory vascular diseases with rheumatism such as polymyalgia rheumatica, Wegener's disease and Churg Strauss syndrome<\/li><li>Gout (and other metabolic joint diseases) <strong>Hormone- and metabolism-related rheumatic diseases<\/strong> (e.g. gout and other crystal-induced arthritides) and fibromyalgia syndrome.<\/li><li>Osteoarthritis (degenerative joint disease) and Osteoporosis (Bone loss) <strong>Treatment of bone diseases<\/strong>\u2028in particular <strong>Osteoporosis<\/strong> with bone density measurement, laboratory tests to determine the bone condition in osteoporosis in our well-equipped laboratory.<\/li><li><strong>Inflammatory arthritis <\/strong><\/li><li><strong>Back pain <\/strong><\/li><li><strong>Non-inflammatory soft tissue rheumatism<\/strong><\/li><\/ul>\t\t\t\t\t\t\t\t<\/div>\n\t\t\t\t<\/div>\n\t\t\t\t\t<\/div>\n\t\t\t\t<\/div>\n\t\t\t\t<\/div>","protected":false},"excerpt":{"rendered":"<p>Die Rheumatologie Die Rheumatologie besch\u00e4ftigt sich im Wesentlichen mit folgenden Krankheiten: Sie als Patient mit rheumatischen Beschwerden klagen \u00fcber akute oder chronische Gelenk-, Wirbels\u00e4ulen- oder Muskelschmerzen. Hier gilt es, durch eine spezielle Diagnostik und breite Abkl\u00e4rung die genaue Ursache ihrer Erkrankung festzustellen, um sie nach neuestem internationalen Standard therapieren zu k\u00f6nnen. Als Internisten mit einem breiten diagnostischen Spektrum k\u00f6nnen wir die Beteiligung innerer Organe bei rheumatischen Erkrankungen in unserer Praxis \u00fcberpr\u00fcfen. M\u00f6gliche Krankheitsbilder Rheumatoide Arthritis(chronische Polyarthritis) Entz\u00fcndung zahlreicher Gelenke insbesondere \u00a0der H\u00e4nde und F\u00fc\u00dfe Morbus Bechterew und andere Spondarthropathien (u.a. Erkrankungen der Achsen-\u2028und des Thoraxskeletts mit z.T peripherer Arthritis) kristallinduzierte Arthritiden nach bakteriellen Infektionen(reaktive oder postinfekti\u00f6se Arthritis\/Reiter-\u2028Syndrome, infekti\u00f6se und parainfekti\u00f6se Arthritis) wie die Lyme-Arthritis, die Chlamydien-\u2028induzierte Arthritis, Yersinien-induzierte Arthritis etc.\u00a0 Psoriasisarthropathie (Gelenkbefall mit und ohne Schuppenflechte) Periarthropathien und Enthesiopathien Kollagenosend.h. entz\u00fcndliche Bindegewebserkrankungen wie Lupus erythematodes,\u2028Sj\u00f6gren-Syndrom, Polymyositis etc. Vaskulitidend.h. entz\u00fcndliche Gef\u00e4\u00dferkrankungen mit Rheuma wie z.B. Polymyalgia\u2028rheumatica, Morbus Wegener und Churg Strau\u00df Syndrom Neben den entz\u00fcndlichen Rheumaformen erfolgt die Abkl\u00e4rung und Behandlung von hormon- \u2028und stoffwechselbedingten Rheumaerkrankungen (z.B. Gicht und andere kristallinduzierte\u2028Arthritiden) sowie des Fibromyalgiesyndroms. Ein besonderer Schwerpunkt ist die Abkl\u00e4rung und Behandlung von Knochenerkrankungen, \u2028insbesondere der Osteoporose mit Knochendichtemessung, Laboruntersuchungen zur\u2028Bestimmung des Knochenzustandes bei Osteoporose in unserem gut ausgestatteten Labor. Arthrose der gro\u00dfen und kleinen Gelenke Degenerative Wirbels\u00e4ulen-Erkrankungen Nicht entz\u00fcndlicher Weichteil-Rheumatismus<\/p>","protected":false},"author":2,"featured_media":0,"parent":0,"menu_order":0,"comment_status":"closed","ping_status":"closed","template":"","meta":{"footnotes":""},"class_list":["post-424","page","type-page","status-publish","hentry"],"_links":{"self":[{"href":"https:\/\/rheumatologie-am-hochkreuz.de\/en\/wp-json\/wp\/v2\/pages\/424","targetHints":{"allow":["GET"]}}],"collection":[{"href":"https:\/\/rheumatologie-am-hochkreuz.de\/en\/wp-json\/wp\/v2\/pages"}],"about":[{"href":"https:\/\/rheumatologie-am-hochkreuz.de\/en\/wp-json\/wp\/v2\/types\/page"}],"author":[{"embeddable":true,"href":"https:\/\/rheumatologie-am-hochkreuz.de\/en\/wp-json\/wp\/v2\/users\/2"}],"replies":[{"embeddable":true,"href":"https:\/\/rheumatologie-am-hochkreuz.de\/en\/wp-json\/wp\/v2\/comments?post=424"}],"version-history":[{"count":31,"href":"https:\/\/rheumatologie-am-hochkreuz.de\/en\/wp-json\/wp\/v2\/pages\/424\/revisions"}],"predecessor-version":[{"id":1378,"href":"https:\/\/rheumatologie-am-hochkreuz.de\/en\/wp-json\/wp\/v2\/pages\/424\/revisions\/1378"}],"wp:attachment":[{"href":"https:\/\/rheumatologie-am-hochkreuz.de\/en\/wp-json\/wp\/v2\/media?parent=424"}],"curies":[{"name":"wp","href":"https:\/\/api.w.org\/{rel}","templated":true}]}}