{"id":435,"date":"2024-08-13T20:02:31","date_gmt":"2024-08-13T20:02:31","guid":{"rendered":"http:\/\/rheumatologie-am-hochkreuz.de\/20-2\/?page_id=435"},"modified":"2025-05-09T21:00:58","modified_gmt":"2025-05-09T21:00:58","slug":"leistungen-in-der-rheumatologie","status":"publish","type":"page","link":"https:\/\/rheumatologie-am-hochkreuz.de\/en\/leistungen-in-der-rheumatologie\/","title":{"rendered":"Rheumatology services"},"content":{"rendered":"<div data-elementor-type=\"wp-page\" data-elementor-id=\"435\" class=\"elementor elementor-435\" data-elementor-post-type=\"page\">\n\t\t\t\t<div class=\"elementor-element elementor-element-7665d95 e-flex e-con-boxed wpr-particle-no wpr-jarallax-no wpr-parallax-no wpr-sticky-section-no wpr-equal-height-no e-con e-parent\" data-id=\"7665d95\" data-element_type=\"container\" data-e-type=\"container\">\n\t\t\t\t\t<div class=\"e-con-inner\">\n\t\t\t\t<div class=\"elementor-element elementor-element-651526f elementor-widget elementor-widget-heading\" data-id=\"651526f\" data-element_type=\"widget\" data-e-type=\"widget\" data-widget_type=\"heading.default\">\n\t\t\t\t<div class=\"elementor-widget-container\">\n\t\t\t\t\t<h1 class=\"elementor-heading-title elementor-size-default\">Rheumatology services<\/h1>\t\t\t\t<\/div>\n\t\t\t\t<\/div>\n\t\t\t\t\t<\/div>\n\t\t\t\t<\/div>\n\t\t<div class=\"elementor-element elementor-element-1dffd42 e-flex e-con-boxed wpr-particle-no wpr-jarallax-no wpr-parallax-no wpr-sticky-section-no wpr-equal-height-no e-con e-parent\" data-id=\"1dffd42\" data-element_type=\"container\" data-e-type=\"container\">\n\t\t\t\t\t<div class=\"e-con-inner\">\n\t\t\t\t<div class=\"elementor-element elementor-element-3fbc29d elementor-widget elementor-widget-text-editor\" data-id=\"3fbc29d\" data-element_type=\"widget\" data-e-type=\"widget\" data-widget_type=\"text-editor.default\">\n\t\t\t\t<div class=\"elementor-widget-container\">\n\t\t\t\t\t\t\t\t\t<p class=\"colorText\">Our diagnostic examination methods in rheumatology<br \/>Depending on the clinical picture, targeted treatment is used:<\/p><ul><li>Ultrasound diagnostics of the joints, abdominal organs, thyroid gland, echocardiography of the heart if necessary<\/li><li>X-ray diagnostics of the skeletal system including the chest organs<\/li><li>Magnetic resonance imaging of the joints<\/li><li>Bone density measurement with DEXA (on the lumbar spine, hip, also after endoprosthetic treatment)<\/li><li>Internal diagnostics using Doppler sonography of the brain and limb vessels, ECG<\/li><li>Specialist rheumatological laboratory<\/li><\/ul>\t\t\t\t\t\t\t\t<\/div>\n\t\t\t\t<\/div>\n\t\t\t\t\t<\/div>\n\t\t\t\t<\/div>\n\t\t<div class=\"elementor-element elementor-element-565ad7f e-flex e-con-boxed wpr-particle-no wpr-jarallax-no wpr-parallax-no wpr-sticky-section-no wpr-equal-height-no e-con e-parent\" data-id=\"565ad7f\" data-element_type=\"container\" data-e-type=\"container\">\n\t\t\t\t\t<div class=\"e-con-inner\">\n\t\t\t\t<div class=\"elementor-element elementor-element-cd4aab0 elementor-widget elementor-widget-heading\" data-id=\"cd4aab0\" data-element_type=\"widget\" data-e-type=\"widget\" data-widget_type=\"heading.default\">\n\t\t\t\t<div class=\"elementor-widget-container\">\n\t\t\t\t\t<h2 class=\"elementor-heading-title elementor-size-default\">Individual health services (IGEL)<\/h2>\t\t\t\t<\/div>\n\t\t\t\t<\/div>\n\t\t\t\t\t<\/div>\n\t\t\t\t<\/div>\n\t\t<div class=\"elementor-element elementor-element-4998199 e-flex e-con-boxed wpr-particle-no wpr-jarallax-no wpr-parallax-no wpr-sticky-section-no wpr-equal-height-no e-con e-parent\" data-id=\"4998199\" data-element_type=\"container\" data-e-type=\"container\">\n\t\t\t\t\t<div class=\"e-con-inner\">\n\t\t<div class=\"elementor-element elementor-element-0ee7dd2 e-con-full e-flex wpr-particle-no wpr-jarallax-no wpr-parallax-no wpr-sticky-section-no wpr-equal-height-no e-con e-child\" data-id=\"0ee7dd2\" data-element_type=\"container\" data-e-type=\"container\">\n\t\t\t\t<div class=\"elementor-element elementor-element-0ebf292 elementor-widget elementor-widget-text-editor\" data-id=\"0ebf292\" data-element_type=\"widget\" data-e-type=\"widget\" data-widget_type=\"text-editor.default\">\n\t\t\t\t<div class=\"elementor-widget-container\">\n\t\t\t\t\t\t\t\t\t<h5><strong><span class=\"colorText\">Metabolism<\/span><\/strong><\/h5><p>Checking blood levels of lipid and carbohydrate metabolism is important in order to recognise patients at risk of arteriosclerosis and diabetes mellitus at an early stage. It is now known that patients with inflammatory rheumatic diseases, in particular patients with rheumatoid arthritis, are just as likely to suffer a heart attack as patients with diabetes. It is therefore important to recognise risk factors in lipometabolism and sugar metabolism.<\/p><p>In our laboratory, we can determine subgroups of blood lipids (e.g. \u2018good\u2019 and \u2018bad\u2019 cholesterol) as well as sugar metabolism parameters (HbA1c and adiponectin) in order to monitor your current metabolic situation and assess your risk of developing such diseases.<\/p><p>If you are interested in finding out about your metabolic situation outside the scope of the checks available under the statutory health insurance scheme, please contact the practice team.<\/p>\t\t\t\t\t\t\t\t<\/div>\n\t\t\t\t<\/div>\n\t\t\t\t<\/div>\n\t\t<div class=\"elementor-element elementor-element-7bc4713 e-con-full e-flex wpr-particle-no wpr-jarallax-no wpr-parallax-no wpr-sticky-section-no wpr-equal-height-no e-con e-child\" data-id=\"7bc4713\" data-element_type=\"container\" data-e-type=\"container\">\n\t\t\t\t<div class=\"elementor-element elementor-element-0b92b64 elementor-widget elementor-widget-text-editor\" data-id=\"0b92b64\" data-element_type=\"widget\" data-e-type=\"widget\" data-widget_type=\"text-editor.default\">\n\t\t\t\t<div class=\"elementor-widget-container\">\n\t\t\t\t\t\t\t\t\t<h5><strong><span class=\"colorText\">Bone density measurement (Dexa osteodensitometry)<\/span><\/strong><\/h5><p>Bone density measurement can be used to assess the stability of the bone and the risk of suffering a fracture. The internationally recommended procedure for this is Dexa osteodensitometry. We can perform this procedure in our practice with a modern, fast and low-radiation device and offer it to you.<\/p><p>The target group includes women in\/after the menopause, patients before and during treatment with cortisone, patients with bone fractures, patients with allergies and intolerances to dairy products or intestinal diseases, cases of osteoporosis in the family and for monitoring the progress of previously diagnosed osteoporosis. Patients with inflammatory rheumatic diseases in particular are more likely to suffer from osteoporosis<\/p>\t\t\t\t\t\t\t\t<\/div>\n\t\t\t\t<\/div>\n\t\t\t\t<\/div>\n\t\t\t\t\t<\/div>\n\t\t\t\t<\/div>\n\t\t<div class=\"elementor-element elementor-element-3653de6 e-flex e-con-boxed wpr-particle-no wpr-jarallax-no wpr-parallax-no wpr-sticky-section-no wpr-equal-height-no e-con e-parent\" data-id=\"3653de6\" data-element_type=\"container\" data-e-type=\"container\">\n\t\t\t\t\t<div class=\"e-con-inner\">\n\t\t<div class=\"elementor-element elementor-element-863a3c3 e-con-full e-flex wpr-particle-no wpr-jarallax-no wpr-parallax-no wpr-sticky-section-no wpr-equal-height-no e-con e-child\" data-id=\"863a3c3\" data-element_type=\"container\" data-e-type=\"container\">\n\t\t\t\t<div class=\"elementor-element elementor-element-47d549b elementor-widget elementor-widget-text-editor\" data-id=\"47d549b\" data-element_type=\"widget\" data-e-type=\"widget\" data-widget_type=\"text-editor.default\">\n\t\t\t\t<div class=\"elementor-widget-container\">\n\t\t\t\t\t\t\t\t\t<h5><strong><span class=\"colorText\">PSA \/ free PSA \/ tumour marker<\/span><\/strong><\/h5><p>The prostate-specific antigen is a tumour marker and can be used to identify cancer of the prostate (prostate gland) in men at an early stage. Annual checks are advisable. The ratio of free PSA to total PSA can give an indication of the probability of a malignant change in the prostate. If you would like a determination of PSA, free PSA or other tumour markers, please contact us.<\/p>\t\t\t\t\t\t\t\t<\/div>\n\t\t\t\t<\/div>\n\t\t\t\t<div class=\"elementor-element elementor-element-3d23492 elementor-widget elementor-widget-text-editor\" data-id=\"3d23492\" data-element_type=\"widget\" data-e-type=\"widget\" data-widget_type=\"text-editor.default\">\n\t\t\t\t<div class=\"elementor-widget-container\">\n\t\t\t\t\t\t\t\t\t<h5><strong><span class=\"colorText\">Hormones<\/span><\/strong><\/h5><p>If you would like to have female or male sex hormones or their precursors such as DHEA determined as an individual health service, we can determine these for you in our laboratory.<\/p>\t\t\t\t\t\t\t\t<\/div>\n\t\t\t\t<\/div>\n\t\t\t\t<\/div>\n\t\t<div class=\"elementor-element elementor-element-1b0e91d e-con-full e-flex wpr-particle-no wpr-jarallax-no wpr-parallax-no wpr-sticky-section-no wpr-equal-height-no e-con e-child\" data-id=\"1b0e91d\" data-element_type=\"container\" data-e-type=\"container\">\n\t\t\t\t<div class=\"elementor-element elementor-element-57c3c2c elementor-widget elementor-widget-image\" data-id=\"57c3c2c\" data-element_type=\"widget\" data-e-type=\"widget\" data-widget_type=\"image.default\">\n\t\t\t\t<div class=\"elementor-widget-container\">\n\t\t\t\t\t\t\t\t\t\t\t\t\t\t\t<img fetchpriority=\"high\" decoding=\"async\" width=\"496\" height=\"372\" src=\"https:\/\/rheumatologie-am-hochkreuz.de\/wp-content\/uploads\/2024\/08\/Rheumatologie-endokrinologie-Roentgen.jpg\" class=\"attachment-large size-large wp-image-438\" alt=\"\" srcset=\"https:\/\/rheumatologie-am-hochkreuz.de\/wp-content\/uploads\/2024\/08\/Rheumatologie-endokrinologie-Roentgen.jpg 496w, https:\/\/rheumatologie-am-hochkreuz.de\/wp-content\/uploads\/2024\/08\/Rheumatologie-endokrinologie-Roentgen-300x225.jpg 300w, https:\/\/rheumatologie-am-hochkreuz.de\/wp-content\/uploads\/2024\/08\/Rheumatologie-endokrinologie-Roentgen-16x12.jpg 16w\" sizes=\"(max-width: 496px) 100vw, 496px\" \/>\t\t\t\t\t\t\t\t\t\t\t\t\t\t\t<\/div>\n\t\t\t\t<\/div>\n\t\t\t\t<\/div>\n\t\t\t\t\t<\/div>\n\t\t\t\t<\/div>\n\t\t<div class=\"elementor-element elementor-element-58fc821 e-flex e-con-boxed wpr-particle-no wpr-jarallax-no wpr-parallax-no wpr-sticky-section-no wpr-equal-height-no e-con e-parent\" data-id=\"58fc821\" data-element_type=\"container\" data-e-type=\"container\">\n\t\t\t\t\t<div class=\"e-con-inner\">\n\t\t<div class=\"elementor-element elementor-element-af30ddd e-con-full e-flex wpr-particle-no wpr-jarallax-no wpr-parallax-no wpr-sticky-section-no wpr-equal-height-no e-con e-child\" data-id=\"af30ddd\" data-element_type=\"container\" data-e-type=\"container\">\n\t\t\t\t<div class=\"elementor-element elementor-element-12c9057 elementor-widget elementor-widget-image\" data-id=\"12c9057\" data-element_type=\"widget\" data-e-type=\"widget\" data-widget_type=\"image.default\">\n\t\t\t\t<div class=\"elementor-widget-container\">\n\t\t\t\t\t\t\t\t\t\t\t\t\t\t\t<img decoding=\"async\" width=\"496\" height=\"372\" src=\"https:\/\/rheumatologie-am-hochkreuz.de\/wp-content\/uploads\/2024\/08\/Rheumatologie-endokrinologie-Ultraschall.jpg\" class=\"attachment-large size-large wp-image-440\" alt=\"\" srcset=\"https:\/\/rheumatologie-am-hochkreuz.de\/wp-content\/uploads\/2024\/08\/Rheumatologie-endokrinologie-Ultraschall.jpg 496w, https:\/\/rheumatologie-am-hochkreuz.de\/wp-content\/uploads\/2024\/08\/Rheumatologie-endokrinologie-Ultraschall-300x225.jpg 300w, https:\/\/rheumatologie-am-hochkreuz.de\/wp-content\/uploads\/2024\/08\/Rheumatologie-endokrinologie-Ultraschall-16x12.jpg 16w\" sizes=\"(max-width: 496px) 100vw, 496px\" \/>\t\t\t\t\t\t\t\t\t\t\t\t\t\t\t<\/div>\n\t\t\t\t<\/div>\n\t\t\t\t<\/div>\n\t\t<div class=\"elementor-element elementor-element-fb33532 e-con-full e-flex wpr-particle-no wpr-jarallax-no wpr-parallax-no wpr-sticky-section-no wpr-equal-height-no e-con e-child\" data-id=\"fb33532\" data-element_type=\"container\" data-e-type=\"container\">\n\t\t\t\t<div class=\"elementor-element elementor-element-78ad0d5 elementor-widget elementor-widget-image\" data-id=\"78ad0d5\" data-element_type=\"widget\" data-e-type=\"widget\" data-widget_type=\"image.default\">\n\t\t\t\t<div class=\"elementor-widget-container\">\n\t\t\t\t\t\t\t\t\t\t\t\t\t\t\t<img decoding=\"async\" width=\"496\" height=\"372\" src=\"https:\/\/rheumatologie-am-hochkreuz.de\/wp-content\/uploads\/2024\/08\/Rheumatologie-endokrinologie-Immunfluoreszenzmikroskopie.jpg\" class=\"attachment-large size-large wp-image-439\" alt=\"\" srcset=\"https:\/\/rheumatologie-am-hochkreuz.de\/wp-content\/uploads\/2024\/08\/Rheumatologie-endokrinologie-Immunfluoreszenzmikroskopie.jpg 496w, https:\/\/rheumatologie-am-hochkreuz.de\/wp-content\/uploads\/2024\/08\/Rheumatologie-endokrinologie-Immunfluoreszenzmikroskopie-300x225.jpg 300w, https:\/\/rheumatologie-am-hochkreuz.de\/wp-content\/uploads\/2024\/08\/Rheumatologie-endokrinologie-Immunfluoreszenzmikroskopie-16x12.jpg 16w\" sizes=\"(max-width: 496px) 100vw, 496px\" \/>\t\t\t\t\t\t\t\t\t\t\t\t\t\t\t<\/div>\n\t\t\t\t<\/div>\n\t\t\t\t<\/div>\n\t\t\t\t\t<\/div>\n\t\t\t\t<\/div>\n\t\t\t\t<\/div>","protected":false},"excerpt":{"rendered":"<p>Leistungen in der Rheumatologie Unsere diagnostischen Untersuchungsmethoden in der RheumatologieJe nach Krankheitsbild wird gezielt eingesetzt: Ultraschalldiagnostik der Gelenke, der Bauchorgane, der Schilddr\u00fcse, ggf. Echokardiographie des Herzens R\u00f6ntgendiagnostik des Skelettsystems einschlie\u00dflich der Brustorgane Kernspintomographie der Gelenke Knochendichtemessung mit DEXA (an der Lendenwirbels\u00e4ule, H\u00fcfte, auch nach endoprothetischer Versorgung) Internistische Diagnostik mittels Dopplersonographie der Hirn- und Extremit\u00e4tengef\u00e4\u00dfe, EKG Rheumatologisches Speziallabor Individuelle Gesundheitsleistungen (IGEL) Stoffwechsel Die Kontrolle der Blutwerte des Fettstoffwechsels und des Kohlenhydratstoffwechsels ist wichtig, um Risikopatienten f\u00fcr Arteriosklerose und Diabetes mellitus fr\u00fchzeitig zu erkennen. Es ist mittlerweile bekannt, dass Patient mit entz\u00fcndlich-rheumatischen-Erkrankung insbesondere Patienten mit einer rheumatoiden Arthritis, genauso h\u00e4ufig an einem Herzinfarkt erleiden k\u00f6nnen wie Patient mit Diabetes. Entsprechend wichtig ist die Erkennung von Risikofaktoren im Fettstoffwechsel und Zuckerstoffwechsel. In unserem Labor k\u00f6nnen wir Untergruppen der Blutfette (zum Beispiel &#8222;gutes&#8220; und &#8222;schlechtes&#8220; Cholesterin), aber auch Gr\u00f6\u00dfen des Zuckerstoffwechsels (HbA1c und Adiponectin) bestimmen, um Ihre aktuelle Stoffwechselsituation zu kontrollieren und Ihr Risiko f\u00fcr die Entwicklung derartiger Krankheiten abzusch\u00e4tzen. Wenn Sie Interesse haben, Ihre Stoffwechselsituation au\u00dferhalb der im Rahmen der Leistungen der gesetzlichen Krankenversicherung m\u00f6glichen Kontrollen kennen zu lernen, sprechen Sie das Praxisteam an. Knochendichtemessung (Dexa-Osteodensitometrie) \u00dcber die Knochendichtemessung kann die Stabilit\u00e4t des Knochen und das Risiko, einen Knochenbruch zu erleiden, abgesch\u00e4tzt werden. Das international daf\u00fcr empfohlene Verfahren ist die Dexa-Osteodensitometrie. Dieses Verfahren k\u00f6nnen wir in unserer Praxis mit einem modernen, schnellen und strahlungsarmen Ger\u00e4t durchf\u00fchren und Ihnen anbieten. Zielgruppe sind dabei Frauen in\/nach den Wechseljahren, Patienten vor und unter einer Behandlung mit Cortison, Patienten mit Knochenbr\u00fcchen, Patienten mit Allergien und Unvertr\u00e4glichkeiten gegen\u00fcber Milchprodukten oder Darmerkrankungen, F\u00e4lle von Osteoporose in der Familie und zur Verlaufskontrolle bei schon vordiagnostizierter Osteoporose. Besonders Patienten mit entz\u00fcndlich-rheumatischen Erkrankungen erleiden vermehrt eine Osteoporose PSA \/ freies PSA \/ Tumormarker Das Prostata-spezifische Antigen ist ein Tumormarker und kann genutzt werden, um den Krebs der Prostata (Vorsteherdr\u00fcse) bei M\u00e4nner fr\u00fchzeitig zu identifizieren. J\u00e4hrliche Kontrollen sind sinnvoll. Das Verh\u00e4ltnis von freiem PSA zu gesamten PSA kann eine Aussage \u00fcber die Wahrscheinlichkeit einer b\u00f6sartigen Ver\u00e4nderung der Prostata machen. Wenn Sie eine Bestimmung von PSA, freiem PSA oder anderer Tumormarker w\u00fcnschen, sprechen Sie uns an. Hormone Wenn Sie Bestimmungen der weiblichen oder m\u00e4nnlichen Sexualhormone oder deren Vorstufen wie DHEA als individuelle Gesundheitsleistung w\u00fcnschen, k\u00f6nnen wir diese in unserem Labor f\u00fcr Sie bestimmen.<\/p>","protected":false},"author":2,"featured_media":0,"parent":0,"menu_order":0,"comment_status":"closed","ping_status":"closed","template":"","meta":{"footnotes":""},"class_list":["post-435","page","type-page","status-publish","hentry"],"_links":{"self":[{"href":"https:\/\/rheumatologie-am-hochkreuz.de\/en\/wp-json\/wp\/v2\/pages\/435","targetHints":{"allow":["GET"]}}],"collection":[{"href":"https:\/\/rheumatologie-am-hochkreuz.de\/en\/wp-json\/wp\/v2\/pages"}],"about":[{"href":"https:\/\/rheumatologie-am-hochkreuz.de\/en\/wp-json\/wp\/v2\/types\/page"}],"author":[{"embeddable":true,"href":"https:\/\/rheumatologie-am-hochkreuz.de\/en\/wp-json\/wp\/v2\/users\/2"}],"replies":[{"embeddable":true,"href":"https:\/\/rheumatologie-am-hochkreuz.de\/en\/wp-json\/wp\/v2\/comments?post=435"}],"version-history":[{"count":43,"href":"https:\/\/rheumatologie-am-hochkreuz.de\/en\/wp-json\/wp\/v2\/pages\/435\/revisions"}],"predecessor-version":[{"id":1375,"href":"https:\/\/rheumatologie-am-hochkreuz.de\/en\/wp-json\/wp\/v2\/pages\/435\/revisions\/1375"}],"wp:attachment":[{"href":"https:\/\/rheumatologie-am-hochkreuz.de\/en\/wp-json\/wp\/v2\/media?parent=435"}],"curies":[{"name":"wp","href":"https:\/\/api.w.org\/{rel}","templated":true}]}}